{"id":1297,"date":"2023-09-02T11:41:01","date_gmt":"2023-09-02T11:41:01","guid":{"rendered":"https:\/\/redias.dynamiclayers.net\/?page_id=1297"},"modified":"2025-12-08T17:48:07","modified_gmt":"2025-12-08T17:48:07","slug":"nos-offres","status":"publish","type":"page","link":"https:\/\/viasservices.com\/en\/nos-offres\/","title":{"rendered":"Our Offers"},"content":{"rendered":"<div data-elementor-type=\"wp-page\" data-elementor-id=\"1297\" class=\"elementor elementor-1297\" data-elementor-post-type=\"page\">\n\t\t\t\t\t\t<section class=\"elementor-section elementor-top-section elementor-element elementor-element-15209d4 elementor-section-boxed elementor-section-height-default elementor-section-height-default\" data-id=\"15209d4\" data-element_type=\"section\">\n\t\t\t\t\t\t<div class=\"elementor-container elementor-column-gap-default\">\n\t\t\t\t\t<div class=\"elementor-column elementor-col-33 elementor-top-column elementor-element elementor-element-1593d3a\" data-id=\"1593d3a\" data-element_type=\"column\">\n\t\t\t<div class=\"elementor-widget-wrap elementor-element-populated\">\n\t\t\t\t\t\t<div class=\"elementor-element elementor-element-d0877c4 pricing-align-left elementor-widget elementor-widget-redias-pricing-table\" data-id=\"d0877c4\" data-element_type=\"widget\" data-widget_type=\"redias-pricing-table.default\">\n\t\t\t\t<div class=\"elementor-widget-container\">\n\t\t\t\t\t        <div class=\"el-pricing-table\">\n            <div class=\"pricing-head\">\n            <div class=\"pt-icon\"><i aria-hidden=\"true\" class=\"bi bi-success\"><\/i><\/div><h3 >Digital Starter<\/h3><div class=\"plan-price\">50000<span >XAF<\/span><\/div>            <\/div>\n                        <ul class=\"pricing-features\">\n            <li >Website package<\/li><li >Logo design<\/li><li >Graphic charter<\/li>            <\/ul>\n                        <div class=\"pricing-footer\">\n                <a href=\"\/en\/contact\/\" target=\"_blank\" rel=\"nofollow\">Request a quote<\/a>\n            <\/div>\n                    <\/div>\n        \t\t\t\t<\/div>\n\t\t\t\t<\/div>\n\t\t\t\t\t<\/div>\n\t\t<\/div>\n\t\t\t\t<div class=\"elementor-column elementor-col-33 elementor-top-column elementor-element elementor-element-cc6623c\" data-id=\"cc6623c\" data-element_type=\"column\">\n\t\t\t<div class=\"elementor-widget-wrap elementor-element-populated\">\n\t\t\t\t\t\t<div class=\"elementor-element elementor-element-2162028 pricing-align-left elementor-widget elementor-widget-redias-pricing-table\" data-id=\"2162028\" data-element_type=\"widget\" data-widget_type=\"redias-pricing-table.default\">\n\t\t\t\t<div class=\"elementor-widget-container\">\n\t\t\t\t\t        <div class=\"el-pricing-table\">\n            <div class=\"pricing-head\">\n            <div class=\"pt-icon\"><i aria-hidden=\"true\" class=\"bi bi-startup\"><\/i><\/div><h3 >Digital Medium<\/h3><div class=\"plan-price\">95000<span >XAF<\/span><\/div>            <\/div>\n                        <ul class=\"pricing-features\">\n            <li >Website package<\/li><li >Logo design<\/li><li >Graphic charter<\/li><li >Support for 2 social networks (1 month)<\/li>            <\/ul>\n                        <div class=\"pricing-footer\">\n                <a href=\"\/en\/contact\/\" target=\"_blank\" rel=\"nofollow\">Request a quote<\/a>\n            <\/div>\n                    <\/div>\n        \t\t\t\t<\/div>\n\t\t\t\t<\/div>\n\t\t\t\t\t<\/div>\n\t\t<\/div>\n\t\t\t\t<div class=\"elementor-column elementor-col-33 elementor-top-column elementor-element elementor-element-f8dfd14\" data-id=\"f8dfd14\" data-element_type=\"column\">\n\t\t\t<div class=\"elementor-widget-wrap elementor-element-populated\">\n\t\t\t\t\t\t<div class=\"elementor-element elementor-element-5e141bb pricing-align-left elementor-widget elementor-widget-redias-pricing-table\" data-id=\"5e141bb\" data-element_type=\"widget\" data-widget_type=\"redias-pricing-table.default\">\n\t\t\t\t<div class=\"elementor-widget-container\">\n\t\t\t\t\t        <div class=\"el-pricing-table\">\n            <div class=\"pricing-head\">\n            <div class=\"pt-icon\"><i aria-hidden=\"true\" class=\"bi bi-team\"><\/i><\/div><h3 >Digital Expert<\/h3><div class=\"plan-price\">250000<span >XAF<\/span><\/div>            <\/div>\n                        <ul class=\"pricing-features\">\n            <li >Website package<\/li><li >Logo design<\/li><li >Graphic charter<\/li><li >Support for 5 social networks (1 month)<\/li><li >Print and digital visuals<\/li>            <\/ul>\n                        <div class=\"pricing-footer\">\n                <a href=\"\/en\/contact\/\" target=\"_blank\" rel=\"nofollow\">Request a quote<\/a>\n            <\/div>\n                    <\/div>\n        \t\t\t\t<\/div>\n\t\t\t\t<\/div>\n\t\t\t\t\t<\/div>\n\t\t<\/div>\n\t\t\t\t\t<\/div>\n\t\t<\/section>\n\t\t\t\t<section class=\"elementor-section elementor-top-section elementor-element elementor-element-12291fc elementor-section-content-middle elementor-section-boxed elementor-section-height-default elementor-section-height-default\" data-id=\"12291fc\" data-element_type=\"section\" data-settings=\"{&quot;background_background&quot;:&quot;classic&quot;}\">\n\t\t\t\t\t\t\t<div class=\"elementor-background-overlay\"><\/div>\n\t\t\t\t\t\t\t<div class=\"elementor-container elementor-column-gap-default\">\n\t\t\t\t\t<div class=\"elementor-column elementor-col-50 elementor-top-column elementor-element elementor-element-0413998\" data-id=\"0413998\" data-element_type=\"column\">\n\t\t\t<div class=\"elementor-widget-wrap elementor-element-populated\">\n\t\t\t\t\t\t<div class=\"elementor-element elementor-element-1d47741 dl-align-left elementor-widget elementor-widget-redias-section-heading\" data-id=\"1d47741\" data-element_type=\"widget\" data-widget_type=\"redias-section-heading.default\">\n\t\t\t\t<div class=\"elementor-widget-container\">\n\t\t\t\t\t        <div class=\"dl-section-heading\">\n                            <h4 class=\"dl-sub-heading\">\n                <span class=\"custom-border left\">Let's work together !<\/span>\n            <\/h4>\n                                    <h2 class=\"dl-heading\" data-bg-text=\"\">\n                Vias Services propels your business towards digital success.            <\/h2>\n                                        <p class=\"dl-desc\">Vias Services is your trusted partner for developing your digital presence. Our goal is simple: to provide you with reliable, innovative solutions tailored to your needs.<\/p>\n                    <\/div>\n        \t\t\t\t<\/div>\n\t\t\t\t<\/div>\n\t\t\t\t<div class=\"elementor-element elementor-element-0d5e682 dl-align-left dl-align-left elementor-widget elementor-widget-redias-button\" data-id=\"0d5e682\" data-element_type=\"widget\" data-widget_type=\"redias-button.default\">\n\t\t\t\t<div class=\"elementor-widget-container\">\n\t\t\t\t\t\n        <div class=\"dl-el-btn-wrap\" data-btn-1-style=\"style-4\" data-btn-2-style=\"\">\n                            <a href=\"\/en\/contact\/\" rel=\"nofollow\" class=\"dl-el-btn btn-1  style-4\" id=\"\">\n                <span >Contact us<\/span>\n                                            <\/a>\n                <\/div>\n        \t\t\t\t<\/div>\n\t\t\t\t<\/div>\n\t\t\t\t\t<\/div>\n\t\t<\/div>\n\t\t\t\t<div class=\"elementor-column elementor-col-50 elementor-top-column elementor-element elementor-element-8708e52\" data-id=\"8708e52\" data-element_type=\"column\">\n\t\t\t<div class=\"elementor-widget-wrap\">\n\t\t\t\t\t\t\t<\/div>\n\t\t<\/div>\n\t\t\t\t\t<\/div>\n\t\t<\/section>\n\t\t<div class=\"elementor-element elementor-element-d277bac e-flex e-con-boxed e-con e-parent\" data-id=\"d277bac\" data-element_type=\"container\">\n\t\t\t\t\t<div class=\"e-con-inner\">\n\t\t\t\t<div class=\"elementor-element elementor-element-60689c2 dl-align-center elementor-widget elementor-widget-redias-section-heading\" data-id=\"60689c2\" data-element_type=\"widget\" data-widget_type=\"redias-section-heading.default\">\n\t\t\t\t<div class=\"elementor-widget-container\">\n\t\t\t\t\t        <div class=\"dl-section-heading\">\n                                    <h2 class=\"dl-heading\" data-bg-text=\"\">\n                Our web development services            <\/h2>\n                                <\/div>\n        \t\t\t\t<\/div>\n\t\t\t\t<\/div>\n\t\t<div class=\"elementor-element elementor-element-fc73f2e e-grid e-con-full e-con e-child\" data-id=\"fc73f2e\" data-element_type=\"container\">\n\t\t<div class=\"elementor-element elementor-element-4a669b8 e-con-full e-flex e-con e-child\" data-id=\"4a669b8\" data-element_type=\"container\">\n\t\t\t\t<div class=\"elementor-element elementor-element-0619481 pricing-align-left elementor-widget elementor-widget-redias-pricing-table\" data-id=\"0619481\" data-element_type=\"widget\" data-widget_type=\"redias-pricing-table.default\">\n\t\t\t\t<div class=\"elementor-widget-container\">\n\t\t\t\t\t        <div class=\"el-pricing-table\">\n            <div class=\"pricing-head\">\n            <div class=\"pt-icon\"><i aria-hidden=\"true\" class=\"bi bi-target\"><\/i><\/div><h3 >Basic Website<\/h3><div class=\"plan-price\">200000<span >XAF<\/span><\/div>            <\/div>\n                        <ul class=\"pricing-features\">\n            <li >Responsive showcase website creation (1 to 3 pages)<\/li><li >Contact form<\/li><li >Social media integration<\/li><li >Basic SEO<\/li><li >Hosting included or assisted for 1 year<\/li>            <\/ul>\n                        <div class=\"pricing-footer\">\n                <a href=\"\/en\/contact\/\" target=\"_blank\" rel=\"nofollow\">Request a quote<\/a>\n            <\/div>\n                    <\/div>\n        \t\t\t\t<\/div>\n\t\t\t\t<\/div>\n\t\t\t\t<\/div>\n\t\t<div class=\"elementor-element elementor-element-c907fd9 e-con-full e-flex e-con e-child\" data-id=\"c907fd9\" data-element_type=\"container\">\n\t\t\t\t<div class=\"elementor-element elementor-element-3376560 pricing-align-left elementor-widget elementor-widget-redias-pricing-table\" data-id=\"3376560\" data-element_type=\"widget\" data-widget_type=\"redias-pricing-table.default\">\n\t\t\t\t<div class=\"elementor-widget-container\">\n\t\t\t\t\t        <div class=\"el-pricing-table\">\n            <div class=\"pricing-head\">\n            <div class=\"pt-icon\"><i aria-hidden=\"true\" class=\"bi bi-award\"><\/i><\/div><h3 >Professional Website<\/h3><div class=\"plan-price\">300000<span >XAF<\/span><\/div>            <\/div>\n                        <ul class=\"pricing-features\">\n            <li >5 to 10-page website<\/li><li >CMS (WordPress or customised)<\/li><li >SEO optimised<\/li><li >Blog<\/li><li >Security<\/li><li >Analytics<\/li><li >Hosting included or assisted for 1 year<\/li>            <\/ul>\n                        <div class=\"pricing-footer\">\n                <a href=\"\/en\/contact\/\" target=\"_blank\" rel=\"nofollow\">Request a quote<\/a>\n            <\/div>\n                    <\/div>\n        \t\t\t\t<\/div>\n\t\t\t\t<\/div>\n\t\t\t\t<\/div>\n\t\t<div class=\"elementor-element elementor-element-6de9484 e-con-full e-flex e-con e-child\" data-id=\"6de9484\" data-element_type=\"container\">\n\t\t\t\t<div class=\"elementor-element elementor-element-b7b3905 pricing-align-left elementor-widget elementor-widget-redias-pricing-table\" data-id=\"b7b3905\" data-element_type=\"widget\" data-widget_type=\"redias-pricing-table.default\">\n\t\t\t\t<div class=\"elementor-widget-container\">\n\t\t\t\t\t        <div class=\"el-pricing-table\">\n            <div class=\"pricing-head\">\n            <div class=\"pt-icon\"><i aria-hidden=\"true\" class=\"la la-store-alt\"><\/i><\/div><h3 >E-commerce website<\/h3><div class=\"plan-price\">500000<span >XAF<\/span><\/div>            <\/div>\n                        <ul class=\"pricing-features\">\n            <li >Product catalogue<\/li><li >Integrated payments<\/li><li >Order management<\/li><li >Product SEO<\/li><li >Management training<\/li><li >Maintenance included<\/li><li >Hosting included or assisted for 1 year<\/li>            <\/ul>\n                        <div class=\"pricing-footer\">\n                <a href=\"\/en\/contact\/\" target=\"_blank\" rel=\"nofollow\">Request a quote<\/a>\n            <\/div>\n                    <\/div>\n        \t\t\t\t<\/div>\n\t\t\t\t<\/div>\n\t\t\t\t<\/div>\n\t\t\t\t<\/div>\n\t\t\t\t\t<\/div>\n\t\t\t\t<\/div>\n\t\t<div class=\"elementor-element elementor-element-b50bff6 e-flex e-con-boxed e-con e-parent\" data-id=\"b50bff6\" data-element_type=\"container\" data-settings=\"{&quot;background_background&quot;:&quot;classic&quot;}\">\n\t\t\t\t\t<div class=\"e-con-inner\">\n\t\t\t\t<div class=\"elementor-element elementor-element-26502f4 dl-align-left elementor-widget elementor-widget-redias-section-heading\" data-id=\"26502f4\" data-element_type=\"widget\" data-widget_type=\"redias-section-heading.default\">\n\t\t\t\t<div class=\"elementor-widget-container\">\n\t\t\t\t\t        <div class=\"dl-section-heading\">\n                                    <h2 class=\"dl-heading\" data-bg-text=\"\">\n                Business Web Applications            <\/h2>\n                                        <p class=\"dl-desc\">We develop custom web applications tailored to your specific needs: team management, customer tracking, collaborative portal, SaaS platform.<\/p>\n                    <\/div>\n        \t\t\t\t<\/div>\n\t\t\t\t<\/div>\n\t\t<div class=\"elementor-element elementor-element-7423563 e-con-full e-grid e-con e-child\" data-id=\"7423563\" data-element_type=\"container\">\n\t\t<div class=\"elementor-element elementor-element-bba3480 e-con-full e-flex e-con e-child\" data-id=\"bba3480\" data-element_type=\"container\">\n\t\t\t\t<div class=\"elementor-element elementor-element-8a7adea pricing-align-left elementor-widget elementor-widget-redias-pricing-table\" data-id=\"8a7adea\" data-element_type=\"widget\" data-widget_type=\"redias-pricing-table.default\">\n\t\t\t\t<div class=\"elementor-widget-container\">\n\t\t\t\t\t        <div class=\"el-pricing-table\">\n            <div class=\"pricing-head\">\n            <div class=\"pt-icon\"><i aria-hidden=\"true\" class=\"la la-laptop-code\"><\/i><\/div><h3 >Simple MVP <\/h3>            <\/div>\n                        <ul class=\"pricing-features\">\n            <li >Functional application to validate a concept.<\/li><li > 4 to 8 weeks<\/li>            <\/ul>\n                        <div class=\"pricing-footer\">\n                <a href=\"\/en\/contact\/\" target=\"_blank\" rel=\"nofollow\">Request a quote<\/a>\n            <\/div>\n                    <\/div>\n        \t\t\t\t<\/div>\n\t\t\t\t<\/div>\n\t\t\t\t<\/div>\n\t\t<div class=\"elementor-element elementor-element-0424286 e-con-full e-flex e-con e-child\" data-id=\"0424286\" data-element_type=\"container\">\n\t\t\t\t<div class=\"elementor-element elementor-element-4ac7f23 pricing-align-left elementor-widget elementor-widget-redias-pricing-table\" data-id=\"4ac7f23\" data-element_type=\"widget\" data-widget_type=\"redias-pricing-table.default\">\n\t\t\t\t<div class=\"elementor-widget-container\">\n\t\t\t\t\t        <div class=\"el-pricing-table\">\n            <div class=\"pricing-head\">\n            <div class=\"pt-icon\"><i aria-hidden=\"true\" class=\"la la-laptop\"><\/i><\/div><h3 >Customised business app<\/h3>            <\/div>\n                        <ul class=\"pricing-features\">\n            <li >Personalised application tailored to specific use cases.<\/li><li >1 to 2 months<\/li>            <\/ul>\n                        <div class=\"pricing-footer\">\n                <a href=\"\/en\/contact\/\" target=\"_blank\" rel=\"nofollow\">Request a quote<\/a>\n            <\/div>\n                    <\/div>\n        \t\t\t\t<\/div>\n\t\t\t\t<\/div>\n\t\t\t\t<\/div>\n\t\t<div class=\"elementor-element elementor-element-df0f15c e-con-full e-flex e-con e-child\" data-id=\"df0f15c\" data-element_type=\"container\">\n\t\t\t\t<div class=\"elementor-element elementor-element-bda2c62 pricing-align-left elementor-widget elementor-widget-redias-pricing-table\" data-id=\"bda2c62\" data-element_type=\"widget\" data-widget_type=\"redias-pricing-table.default\">\n\t\t\t\t<div class=\"elementor-widget-container\">\n\t\t\t\t\t        <div class=\"el-pricing-table\">\n            <div class=\"pricing-head\">\n            <div class=\"pt-icon\"><i aria-hidden=\"true\" class=\"bi bi-recruit\"><\/i><\/div><h3 >Complete SaaS platform<\/h3>            <\/div>\n                        <ul class=\"pricing-features\">\n            <li >Scalable solution for your customers or teams.<\/li><li > 4 to 6 months<\/li>            <\/ul>\n                        <div class=\"pricing-footer\">\n                <a href=\"\/en\/contact\/\" target=\"_blank\" rel=\"nofollow\">Request a quote<\/a>\n            <\/div>\n                    <\/div>\n        \t\t\t\t<\/div>\n\t\t\t\t<\/div>\n\t\t\t\t<\/div>\n\t\t\t\t<\/div>\n\t\t\t\t\t<\/div>\n\t\t\t\t<\/div>\n\t\t<div class=\"elementor-element elementor-element-543cf02 e-grid e-con-boxed e-con e-parent\" data-id=\"543cf02\" data-element_type=\"container\">\n\t\t\t\t\t<div class=\"e-con-inner\">\n\t\t<div class=\"elementor-element elementor-element-feb4085 e-con-full e-flex e-con e-child\" data-id=\"feb4085\" data-element_type=\"container\">\n\t\t\t\t<div class=\"elementor-element elementor-element-53dbff4 dl-align-left elementor-widget elementor-widget-redias-section-heading\" data-id=\"53dbff4\" data-element_type=\"widget\" data-widget_type=\"redias-section-heading.default\">\n\t\t\t\t<div class=\"elementor-widget-container\">\n\t\t\t\t\t        <div class=\"dl-section-heading\">\n                            <h4 class=\"dl-sub-heading\">\n                <span class=\"custom-border left\">Data Science &amp; Advanced Analytics<\/span>\n            <\/h4>\n                                    <h2 class=\"dl-heading\" data-bg-text=\"\">\n                Make informed decisions using the power of your data.            <\/h2>\n                                        <p class=\"dl-desc\">At Vias Services, we design and deploy customised data platforms to transform your information into performance drivers. Using accurate analytical models and automated pipelines, we help your business harness the full potential of its data, regardless of volume or complexity.<\/p>\n                    <\/div>\n        \t\t\t\t<\/div>\n\t\t\t\t<\/div>\n\t\t<div class=\"elementor-element elementor-element-9f795d5 e-con-full e-flex e-con e-child\" data-id=\"9f795d5\" data-element_type=\"container\">\n\t\t\t\t<div class=\"elementor-element elementor-element-e845b20 icon-box-align-left elementor-widget elementor-widget-redias-icon-boxes\" data-id=\"e845b20\" data-element_type=\"widget\" data-widget_type=\"redias-icon-boxes.default\">\n\t\t\t\t<div class=\"elementor-widget-container\">\n\t\t\t\t\t\t\t\t<div class=\"el-icon-box-items\">\n\t\t\t\t\t\t\t\t\t<div class=\"el-icon-box-item\">\n\t\t\t\t\t\t<div class=\"box-icon\"><i aria-hidden=\"true\" class=\"la la-check-circle\"><\/i><\/div><h3 >Scalable Data Architectures<\/h3><p >We design robust and scalable infrastructures tailored to your business challenges and ready to support the increased load of your information flows.<\/p>\t\t\t\t\t<\/div>\n\t\t\t\t\t\t\t\t\t<div class=\"el-icon-box-item\">\n\t\t\t\t\t\t<div class=\"box-icon\"><i aria-hidden=\"true\" class=\"la la-check-circle\"><\/i><\/div><h3 >Automation &amp; Cloud Provisioning<\/h3><p >Our experts implement automated workflows for the provisioning, management and monitoring of your cloud environments, ensuring efficiency and reliability.<\/p>\t\t\t\t\t<\/div>\n\t\t\t\t\t\t\t\t\t<div class=\"el-icon-box-item\">\n\t\t\t\t\t\t<div class=\"box-icon\"><i aria-hidden=\"true\" class=\"la la-check-circle\"><\/i><\/div><h3 >Data Modelling &amp; Pipelines (ETL)<\/h3><p >We design clear data models and optimised ETL pipelines to ensure the quality, consistency and performance of your analyses.<\/p>\t\t\t\t\t<\/div>\n\t\t\t\t\t\t\t\t\t<div class=\"el-icon-box-item\">\n\t\t\t\t\t\t<div class=\"box-icon\"><i aria-hidden=\"true\" class=\"la la-check-circle\"><\/i><\/div><h3 >Terms &amp; Pricing<\/h3><p >We carry out an initial free assessment, followed by a personalised quote based on the complexity of your data, your business objectives and your technical environment.<\/p>\t\t\t\t\t<\/div>\n\t\t\t\t\t\t\t<\/div>\n\t\t\t\t\t\t\t<\/div>\n\t\t\t\t<\/div>\n\t\t\t\t<\/div>\n\t\t\t\t<\/div>\n\t\t<div class=\"elementor-element elementor-element-d7208f7 e-con-full e-flex e-con e-child\" data-id=\"d7208f7\" data-element_type=\"container\" data-settings=\"{&quot;background_background&quot;:&quot;classic&quot;}\">\n\t\t\t\t<div class=\"elementor-element elementor-element-887cdad elementor-widget elementor-widget-image\" data-id=\"887cdad\" data-element_type=\"widget\" data-widget_type=\"image.default\">\n\t\t\t\t\t\t\t\t\t\t\t\t\t\t\t<img fetchpriority=\"high\" decoding=\"async\" width=\"640\" height=\"960\" src=\"https:\/\/viasservices.com\/wp-content\/uploads\/2025\/10\/analysedonnees1-683x1024.jpg\" class=\"attachment-large size-large wp-image-1816\" alt=\"\" srcset=\"https:\/\/viasservices.com\/wp-content\/uploads\/2025\/10\/analysedonnees1-683x1024.jpg 683w, https:\/\/viasservices.com\/wp-content\/uploads\/2025\/10\/analysedonnees1-200x300.jpg 200w, https:\/\/viasservices.com\/wp-content\/uploads\/2025\/10\/analysedonnees1-768x1152.jpg 768w, https:\/\/viasservices.com\/wp-content\/uploads\/2025\/10\/analysedonnees1-8x12.jpg 8w, https:\/\/viasservices.com\/wp-content\/uploads\/2025\/10\/analysedonnees1.jpg 1000w\" sizes=\"(max-width: 640px) 100vw, 640px\" \/>\t\t\t\t\t\t\t\t\t\t\t\t\t\t\t<\/div>\n\t\t\t\t<\/div>\n\t\t\t\t\t<\/div>\n\t\t\t\t<\/div>\n\t\t\t\t<\/div>","protected":false},"excerpt":{"rendered":"<p>Starter Digital 50000XAF Pack site web Cr\u00e9ation de logo Charte graphique Demander un devis Medium Digital 95000XAF Pack site web Cr\u00e9ation de logo Charte graphique Accompagnement 2 r\u00e9seaux sociaux (1 mois) Demander un devis Expert Digital 250000XAF Pack site web Cr\u00e9ation de logo Charte graphique Accompagnement 5 r\u00e9seaux sociaux (1 mois) Visuels print et digitaux [&hellip;]<\/p>","protected":false},"author":1,"featured_media":1677,"parent":0,"menu_order":0,"comment_status":"closed","ping_status":"closed","template":"elementor-template.php","meta":{"_acf_changed":false,"_monsterinsights_skip_tracking":false,"_monsterinsights_sitenote_active":false,"_monsterinsights_sitenote_note":"","_monsterinsights_sitenote_category":0,"footnotes":""},"class_list":["post-1297","page","type-page","status-publish","has-post-thumbnail","hentry"],"acf":[],"_links":{"self":[{"href":"https:\/\/viasservices.com\/en\/wp-json\/wp\/v2\/pages\/1297"}],"collection":[{"href":"https:\/\/viasservices.com\/en\/wp-json\/wp\/v2\/pages"}],"about":[{"href":"https:\/\/viasservices.com\/en\/wp-json\/wp\/v2\/types\/page"}],"author":[{"embeddable":true,"href":"https:\/\/viasservices.com\/en\/wp-json\/wp\/v2\/users\/1"}],"replies":[{"embeddable":true,"href":"https:\/\/viasservices.com\/en\/wp-json\/wp\/v2\/comments?post=1297"}],"version-history":[{"count":42,"href":"https:\/\/viasservices.com\/en\/wp-json\/wp\/v2\/pages\/1297\/revisions"}],"predecessor-version":[{"id":2129,"href":"https:\/\/viasservices.com\/en\/wp-json\/wp\/v2\/pages\/1297\/revisions\/2129"}],"wp:featuredmedia":[{"embeddable":true,"href":"https:\/\/viasservices.com\/en\/wp-json\/wp\/v2\/media\/1677"}],"wp:attachment":[{"href":"https:\/\/viasservices.com\/en\/wp-json\/wp\/v2\/media?parent=1297"}],"curies":[{"name":"wp","href":"https:\/\/api.w.org\/{rel}","templated":true}]}}