{"id":1323,"date":"2023-09-02T12:38:26","date_gmt":"2023-09-02T12:38:26","guid":{"rendered":"https:\/\/redias.dynamiclayers.net\/?page_id=1323"},"modified":"2025-10-30T12:05:46","modified_gmt":"2025-10-30T12:05:46","slug":"nos-projets","status":"publish","type":"page","link":"https:\/\/viasservices.com\/en\/nos-projets\/","title":{"rendered":"Our Projects"},"content":{"rendered":"<div data-elementor-type=\"wp-page\" data-elementor-id=\"1323\" class=\"elementor elementor-1323\" data-elementor-post-type=\"page\">\n\t\t\t\t\t\t<section class=\"elementor-section elementor-top-section elementor-element elementor-element-15209d4 elementor-section-boxed elementor-section-height-default elementor-section-height-default\" data-id=\"15209d4\" data-element_type=\"section\" data-settings=\"{&quot;background_background&quot;:&quot;classic&quot;}\">\n\t\t\t\t\t\t<div class=\"elementor-container elementor-column-gap-default\">\n\t\t\t\t\t<div class=\"elementor-column elementor-col-100 elementor-top-column elementor-element elementor-element-f8dfd14\" data-id=\"f8dfd14\" data-element_type=\"column\">\n\t\t\t<div class=\"elementor-widget-wrap elementor-element-populated\">\n\t\t\t\t\t\t<div class=\"elementor-element elementor-element-b3d46cf elementor-widget elementor-widget-redias-projects\" data-id=\"b3d46cf\" data-element_type=\"widget\" data-widget_type=\"redias-projects.default\">\n\t\t\t\t<div class=\"elementor-widget-container\">\n\t\t\t\t\t<div class=\"el-project-wrapper\" data-settings=\"{&quot;carousel&quot;:&quot;no&quot;,&quot;filter&quot;:&quot;yes&quot;}\">        <ul class=\"dl-project-filter\">\n            <li class=\"active\" data-filter=\"*\">View all<\/li>\n            <li data-filter=\".project-category-application-web\">Web Application<\/li><li data-filter=\".project-category-branding\">Branding<\/li><li data-filter=\".project-category-design\">Design<\/li><li data-filter=\".project-category-ingenierie-de-donnees\">Data engineering<\/li><li data-filter=\".project-category-site-internet\">Website<\/li>        <\/ul>\n                    <div class=\"el-project-items\">\n                    <article id=\"project-2130\" class=\"el-project-card style-1 post-2130 dl-project type-dl-project status-publish has-post-thumbnail hentry project-category-site-internet\">\n            <div class=\"el-project-card-inner\">\n                <div class=\"project-thumb\">\n                    <a href=\"https:\/\/viasservices.com\/en\/project\/aduku-conception-du-site-web-digitale-pour-entreprises-modernes\/\"><img fetchpriority=\"high\" decoding=\"async\" width=\"410\" height=\"300\" src=\"https:\/\/viasservices.com\/wp-content\/uploads\/2025\/12\/2025-12-15_14h50_05-410x300.png\" class=\"attachment-redias-project-410x300 size-redias-project-410x300 wp-post-image\" alt=\"\" \/><\/a>\n                <\/div>\n                <div class=\"project-content\">\n                    <a href=\"https:\/\/viasservices.com\/en\/project-category\/site-internet\/\" class=\"project-cat\">Website<\/a>                    <h3 class=\"project-title\"><a href=\"https:\/\/viasservices.com\/en\/project\/aduku-conception-du-site-web-digitale-pour-entreprises-modernes\/\">Aduku \u2013 Digital website design for modern companies<\/a><\/h3>\n                                        <a href=\"https:\/\/viasservices.com\/en\/project\/aduku-conception-du-site-web-digitale-pour-entreprises-modernes\/\" class=\"read-more\">Find out more <i aria-hidden=\"true\" class=\"las la-long-arrow-alt-right\"><\/i><\/a>\n                                    <\/div>\n            <\/div>\n        <\/article>\n                <article id=\"project-1927\" class=\"el-project-card style-1 post-1927 dl-project type-dl-project status-publish has-post-thumbnail hentry project-category-site-internet\">\n            <div class=\"el-project-card-inner\">\n                <div class=\"project-thumb\">\n                    <a href=\"https:\/\/viasservices.com\/en\/project\/clara-jonas-site-web-de-psychotherapie-et-coaching-multilingue\/\"><img decoding=\"async\" width=\"410\" height=\"300\" src=\"https:\/\/viasservices.com\/wp-content\/uploads\/2025\/10\/ScreenClara-410x300.png\" class=\"attachment-redias-project-410x300 size-redias-project-410x300 wp-post-image\" alt=\"\" \/><\/a>\n                <\/div>\n                <div class=\"project-content\">\n                    <a href=\"https:\/\/viasservices.com\/en\/project-category\/site-internet\/\" class=\"project-cat\">Website<\/a>                    <h3 class=\"project-title\"><a href=\"https:\/\/viasservices.com\/en\/project\/clara-jonas-site-web-de-psychotherapie-et-coaching-multilingue\/\">Clara Jonas \u2013 Multilingual psychotherapy and coaching website<\/a><\/h3>\n                                        <a href=\"https:\/\/viasservices.com\/en\/project\/clara-jonas-site-web-de-psychotherapie-et-coaching-multilingue\/\" class=\"read-more\">Find out more <i aria-hidden=\"true\" class=\"las la-long-arrow-alt-right\"><\/i><\/a>\n                                    <\/div>\n            <\/div>\n        <\/article>\n                <article id=\"project-1920\" class=\"el-project-card style-1 post-1920 dl-project type-dl-project status-publish has-post-thumbnail hentry project-category-ingenierie-de-donnees\">\n            <div class=\"el-project-card-inner\">\n                <div class=\"project-thumb\">\n                    <a href=\"https:\/\/viasservices.com\/en\/project\/loreal-ingenierie-cloud-gcp\/\"><img decoding=\"async\" width=\"410\" height=\"300\" src=\"https:\/\/viasservices.com\/wp-content\/uploads\/2025\/10\/google-cloud-410x300.png\" class=\"attachment-redias-project-410x300 size-redias-project-410x300 wp-post-image\" alt=\"\" \/><\/a>\n                <\/div>\n                <div class=\"project-content\">\n                    <a href=\"https:\/\/viasservices.com\/en\/project-category\/ingenierie-de-donnees\/\" class=\"project-cat\">Data engineering<\/a>                    <h3 class=\"project-title\"><a href=\"https:\/\/viasservices.com\/en\/project\/loreal-ingenierie-cloud-gcp\/\">L'Or\u00e9al \u2013 GCP Cloud Engineering<\/a><\/h3>\n                                        <a href=\"https:\/\/viasservices.com\/en\/project\/loreal-ingenierie-cloud-gcp\/\" class=\"read-more\">Find out more <i aria-hidden=\"true\" class=\"las la-long-arrow-alt-right\"><\/i><\/a>\n                                    <\/div>\n            <\/div>\n        <\/article>\n                <article id=\"project-141\" class=\"el-project-card style-1 post-141 dl-project type-dl-project status-publish has-post-thumbnail hentry project-category-ingenierie-de-donnees\">\n            <div class=\"el-project-card-inner\">\n                <div class=\"project-thumb\">\n                    <a href=\"https:\/\/viasservices.com\/en\/project\/the-creative-club-integration-donnees-marketing-erp\/\"><img loading=\"lazy\" decoding=\"async\" width=\"410\" height=\"290\" src=\"https:\/\/viasservices.com\/wp-content\/uploads\/2023\/08\/erp-representation-410x290.jpg\" class=\"attachment-redias-project-410x300 size-redias-project-410x300 wp-post-image\" alt=\"\" \/><\/a>\n                <\/div>\n                <div class=\"project-content\">\n                    <a href=\"https:\/\/viasservices.com\/en\/project-category\/ingenierie-de-donnees\/\" class=\"project-cat\">Data engineering<\/a>                    <h3 class=\"project-title\"><a href=\"https:\/\/viasservices.com\/en\/project\/the-creative-club-integration-donnees-marketing-erp\/\">The Creative Club \u2013 Marketing &amp; ERP Data Integration<\/a><\/h3>\n                                        <a href=\"https:\/\/viasservices.com\/en\/project\/the-creative-club-integration-donnees-marketing-erp\/\" class=\"read-more\">Find out more <i aria-hidden=\"true\" class=\"las la-long-arrow-alt-right\"><\/i><\/a>\n                                    <\/div>\n            <\/div>\n        <\/article>\n                <article id=\"project-199\" class=\"el-project-card style-1 post-199 dl-project type-dl-project status-publish has-post-thumbnail hentry project-category-ingenierie-de-donnees\">\n            <div class=\"el-project-card-inner\">\n                <div class=\"project-thumb\">\n                    <a href=\"https:\/\/viasservices.com\/en\/project\/europol-infrastructure-de-logs-temps-reel\/\"><img loading=\"lazy\" decoding=\"async\" width=\"410\" height=\"300\" src=\"https:\/\/viasservices.com\/wp-content\/uploads\/2023\/08\/infrastructure-logs-410x300.png\" class=\"attachment-redias-project-410x300 size-redias-project-410x300 wp-post-image\" alt=\"\" \/><\/a>\n                <\/div>\n                <div class=\"project-content\">\n                    <a href=\"https:\/\/viasservices.com\/en\/project-category\/ingenierie-de-donnees\/\" class=\"project-cat\">Data engineering<\/a>                    <h3 class=\"project-title\"><a href=\"https:\/\/viasservices.com\/en\/project\/europol-infrastructure-de-logs-temps-reel\/\">Europol \u2013 Real-Time Log Infrastructure<\/a><\/h3>\n                                        <a href=\"https:\/\/viasservices.com\/en\/project\/europol-infrastructure-de-logs-temps-reel\/\" class=\"read-more\">Find out more <i aria-hidden=\"true\" class=\"las la-long-arrow-alt-right\"><\/i><\/a>\n                                    <\/div>\n            <\/div>\n        <\/article>\n                <article id=\"project-189\" class=\"el-project-card style-1 post-189 dl-project type-dl-project status-publish has-post-thumbnail hentry project-category-ingenierie-de-donnees\">\n            <div class=\"el-project-card-inner\">\n                <div class=\"project-thumb\">\n                    <a href=\"https:\/\/viasservices.com\/en\/project\/advizeo-developpement-dune-plateforme-iot-energie\/\"><img loading=\"lazy\" decoding=\"async\" width=\"410\" height=\"300\" src=\"https:\/\/viasservices.com\/wp-content\/uploads\/2023\/08\/plateforme-iot-410x300.webp\" class=\"attachment-redias-project-410x300 size-redias-project-410x300 wp-post-image\" alt=\"\" srcset=\"https:\/\/viasservices.com\/wp-content\/uploads\/2023\/08\/plateforme-iot-410x300.webp 410w, https:\/\/viasservices.com\/wp-content\/uploads\/2023\/08\/plateforme-iot-18x12.webp 18w\" sizes=\"(max-width: 410px) 100vw, 410px\" \/><\/a>\n                <\/div>\n                <div class=\"project-content\">\n                    <a href=\"https:\/\/viasservices.com\/en\/project-category\/ingenierie-de-donnees\/\" class=\"project-cat\">Data engineering<\/a>                    <h3 class=\"project-title\"><a href=\"https:\/\/viasservices.com\/en\/project\/advizeo-developpement-dune-plateforme-iot-energie\/\">Advizeo \u2013 Development of an IoT &amp; Energy Platform<\/a><\/h3>\n                                        <a href=\"https:\/\/viasservices.com\/en\/project\/advizeo-developpement-dune-plateforme-iot-energie\/\" class=\"read-more\">Find out more <i aria-hidden=\"true\" class=\"las la-long-arrow-alt-right\"><\/i><\/a>\n                                    <\/div>\n            <\/div>\n        <\/article>\n                <article id=\"project-205\" class=\"el-project-card style-1 post-205 dl-project type-dl-project status-publish has-post-thumbnail hentry project-category-branding project-category-design\">\n            <div class=\"el-project-card-inner\">\n                <div class=\"project-thumb\">\n                    <a href=\"https:\/\/viasservices.com\/en\/project\/enjema-direction-artistique-identite\/\"><img loading=\"lazy\" decoding=\"async\" width=\"410\" height=\"300\" src=\"https:\/\/viasservices.com\/wp-content\/uploads\/2023\/08\/enjemalogo-410x300.webp\" class=\"attachment-redias-project-410x300 size-redias-project-410x300 wp-post-image\" alt=\"\" \/><\/a>\n                <\/div>\n                <div class=\"project-content\">\n                    <a href=\"https:\/\/viasservices.com\/en\/project-category\/branding\/\" class=\"project-cat\">Branding<\/a>                    <h3 class=\"project-title\"><a href=\"https:\/\/viasservices.com\/en\/project\/enjema-direction-artistique-identite\/\">Enjema \u2013 Artistic Direction &amp; Identity<\/a><\/h3>\n                                        <a href=\"https:\/\/viasservices.com\/en\/project\/enjema-direction-artistique-identite\/\" class=\"read-more\">Find out more <i aria-hidden=\"true\" class=\"las la-long-arrow-alt-right\"><\/i><\/a>\n                                    <\/div>\n            <\/div>\n        <\/article>\n                <article id=\"project-203\" class=\"el-project-card style-1 post-203 dl-project type-dl-project status-publish has-post-thumbnail hentry project-category-branding\">\n            <div class=\"el-project-card-inner\">\n                <div class=\"project-thumb\">\n                    <a href=\"https:\/\/viasservices.com\/en\/project\/identite-visuelle-et-branding-pour-des-clients-locaux-et-internationaux\/\"><img loading=\"lazy\" decoding=\"async\" width=\"410\" height=\"300\" src=\"https:\/\/viasservices.com\/wp-content\/uploads\/2023\/08\/identitevisuelle-410x300.jpg\" class=\"attachment-redias-project-410x300 size-redias-project-410x300 wp-post-image\" alt=\"\" \/><\/a>\n                <\/div>\n                <div class=\"project-content\">\n                    <a href=\"https:\/\/viasservices.com\/en\/project-category\/branding\/\" class=\"project-cat\">Branding<\/a>                    <h3 class=\"project-title\"><a href=\"https:\/\/viasservices.com\/en\/project\/identite-visuelle-et-branding-pour-des-clients-locaux-et-internationaux\/\">Visual identity and branding for local and international clients<\/a><\/h3>\n                                        <a href=\"https:\/\/viasservices.com\/en\/project\/identite-visuelle-et-branding-pour-des-clients-locaux-et-internationaux\/\" class=\"read-more\">Find out more <i aria-hidden=\"true\" class=\"las la-long-arrow-alt-right\"><\/i><\/a>\n                                    <\/div>\n            <\/div>\n        <\/article>\n                <article id=\"project-201\" class=\"el-project-card style-1 post-201 dl-project type-dl-project status-publish has-post-thumbnail hentry project-category-ingenierie-de-donnees\">\n            <div class=\"el-project-card-inner\">\n                <div class=\"project-thumb\">\n                    <a href=\"https:\/\/viasservices.com\/en\/project\/pipelines-elt-evolutifs\/\"><img loading=\"lazy\" decoding=\"async\" width=\"410\" height=\"300\" src=\"https:\/\/viasservices.com\/wp-content\/uploads\/2025\/08\/Snow-flake-410x300.webp\" class=\"attachment-redias-project-410x300 size-redias-project-410x300 wp-post-image\" alt=\"\" \/><\/a>\n                <\/div>\n                <div class=\"project-content\">\n                    <a href=\"https:\/\/viasservices.com\/en\/project-category\/ingenierie-de-donnees\/\" class=\"project-cat\">Data engineering<\/a>                    <h3 class=\"project-title\"><a href=\"https:\/\/viasservices.com\/en\/project\/pipelines-elt-evolutifs\/\">Scalable ELT pipelines<\/a><\/h3>\n                                        <a href=\"https:\/\/viasservices.com\/en\/project\/pipelines-elt-evolutifs\/\" class=\"read-more\">Find out more <i aria-hidden=\"true\" class=\"las la-long-arrow-alt-right\"><\/i><\/a>\n                                    <\/div>\n            <\/div>\n        <\/article>\n                <article id=\"project-197\" class=\"el-project-card style-1 post-197 dl-project type-dl-project status-publish has-post-thumbnail hentry project-category-design\">\n            <div class=\"el-project-card-inner\">\n                <div class=\"project-thumb\">\n                    <a href=\"https:\/\/viasservices.com\/en\/project\/brand-feed-communication-visuelle-multimarques\/\"><img loading=\"lazy\" decoding=\"async\" width=\"410\" height=\"300\" src=\"https:\/\/viasservices.com\/wp-content\/uploads\/2025\/08\/bandfeed-visuelle-410x300.jpg\" class=\"attachment-redias-project-410x300 size-redias-project-410x300 wp-post-image\" alt=\"\" \/><\/a>\n                <\/div>\n                <div class=\"project-content\">\n                    <a href=\"https:\/\/viasservices.com\/en\/project-category\/design\/\" class=\"project-cat\">Design<\/a>                    <h3 class=\"project-title\"><a href=\"https:\/\/viasservices.com\/en\/project\/brand-feed-communication-visuelle-multimarques\/\">Brand Feed \u2013 Multi-brand visual communication<\/a><\/h3>\n                                        <a href=\"https:\/\/viasservices.com\/en\/project\/brand-feed-communication-visuelle-multimarques\/\" class=\"read-more\">Find out more <i aria-hidden=\"true\" class=\"las la-long-arrow-alt-right\"><\/i><\/a>\n                                    <\/div>\n            <\/div>\n        <\/article>\n                    <\/div>\n        <\/div>\t\t\t\t<\/div>\n\t\t\t\t<\/div>\n\t\t\t\t\t<\/div>\n\t\t<\/div>\n\t\t\t\t\t<\/div>\n\t\t<\/section>\n\t\t\t\t<\/div>","protected":false},"excerpt":{"rendered":"<p>Voir tout Application web Branding Design Ing\u00e9nierie de donn\u00e9es Site internet Site internet Clara Jonas \u2013 Site web de psychoth\u00e9rapie et coaching multilingue En savoir plus Ing\u00e9nierie de donn\u00e9es L\u2019Or\u00e9al \u2013 Ing\u00e9nierie Cloud GCP En savoir plus Ing\u00e9nierie de donn\u00e9es The Creative Club \u2013 Int\u00e9gration Donn\u00e9es Marketing &#038; ERP En savoir plus Ing\u00e9nierie de donn\u00e9es [&hellip;]<\/p>","protected":false},"author":1,"featured_media":1677,"parent":0,"menu_order":0,"comment_status":"closed","ping_status":"closed","template":"elementor-template.php","meta":{"_acf_changed":false,"_monsterinsights_skip_tracking":false,"_monsterinsights_sitenote_active":false,"_monsterinsights_sitenote_note":"","_monsterinsights_sitenote_category":0,"footnotes":""},"class_list":["post-1323","page","type-page","status-publish","has-post-thumbnail","hentry"],"acf":[],"_links":{"self":[{"href":"https:\/\/viasservices.com\/en\/wp-json\/wp\/v2\/pages\/1323"}],"collection":[{"href":"https:\/\/viasservices.com\/en\/wp-json\/wp\/v2\/pages"}],"about":[{"href":"https:\/\/viasservices.com\/en\/wp-json\/wp\/v2\/types\/page"}],"author":[{"embeddable":true,"href":"https:\/\/viasservices.com\/en\/wp-json\/wp\/v2\/users\/1"}],"replies":[{"embeddable":true,"href":"https:\/\/viasservices.com\/en\/wp-json\/wp\/v2\/comments?post=1323"}],"version-history":[{"count":19,"href":"https:\/\/viasservices.com\/en\/wp-json\/wp\/v2\/pages\/1323\/revisions"}],"predecessor-version":[{"id":2019,"href":"https:\/\/viasservices.com\/en\/wp-json\/wp\/v2\/pages\/1323\/revisions\/2019"}],"wp:featuredmedia":[{"embeddable":true,"href":"https:\/\/viasservices.com\/en\/wp-json\/wp\/v2\/media\/1677"}],"wp:attachment":[{"href":"https:\/\/viasservices.com\/en\/wp-json\/wp\/v2\/media?parent=1323"}],"curies":[{"name":"wp","href":"https:\/\/api.w.org\/{rel}","templated":true}]}}