{"id":1335,"date":"2023-09-02T12:55:36","date_gmt":"2023-09-02T12:55:36","guid":{"rendered":"https:\/\/redias.dynamiclayers.net\/?page_id=1335"},"modified":"2025-10-30T14:47:57","modified_gmt":"2025-10-30T14:47:57","slug":"blog","status":"publish","type":"page","link":"https:\/\/viasservices.com\/en\/blog\/","title":{"rendered":"Blog"},"content":{"rendered":"<div data-elementor-type=\"wp-page\" data-elementor-id=\"1335\" class=\"elementor elementor-1335\" data-elementor-post-type=\"page\">\n\t\t\t\t\t\t<section class=\"elementor-section elementor-top-section elementor-element elementor-element-ce0544c elementor-section-boxed elementor-section-height-default elementor-section-height-default\" data-id=\"ce0544c\" data-element_type=\"section\">\n\t\t\t\t\t\t<div class=\"elementor-container elementor-column-gap-no\">\n\t\t\t\t\t<div class=\"elementor-column elementor-col-100 elementor-top-column elementor-element elementor-element-954083c\" data-id=\"954083c\" data-element_type=\"column\">\n\t\t\t<div class=\"elementor-widget-wrap elementor-element-populated\">\n\t\t\t\t\t\t<div class=\"elementor-element elementor-element-9d9a62a pattern-yes line-effect-yes elementor-widget elementor-widget-redias-blog\" data-id=\"9d9a62a\" data-element_type=\"widget\" data-settings=\"{&quot;carousel&quot;:&quot;no&quot;}\" data-widget_type=\"redias-blog.default\">\n\t\t\t\t<div class=\"elementor-widget-container\">\n\t\t\t\t\t            <div class=\"el-blog-items redias-el-blog\">\n                    <article class=\"el-blog-item post-1335 page type-page status-publish has-post-thumbnail hentry wow dl-animation dl-fadeIn\" data-wow-offset=\"200\" data-wow-duration=\"700ms\" data-wow-delay=\"400ms\">\n            <div class=\"el-post-item\">\n                <div class=\"el-post-thumb\">\n                    <a href=\"https:\/\/viasservices.com\/en\/2025\/09\/20\/5-conseils-pour-optimiser-vos-pipelines-de-donnees\/\" class=\"el-post-thumb-inner\">\n                                            <img fetchpriority=\"high\" decoding=\"async\" width=\"380\" height=\"250\" src=\"https:\/\/viasservices.com\/wp-content\/uploads\/2023\/08\/pipeline-donnees-optimisation-1-380x250.png\" class=\"attachment-redias-thumb-grid size-redias-thumb-grid wp-post-image\" alt=\"\" srcset=\"https:\/\/viasservices.com\/wp-content\/uploads\/2023\/08\/pipeline-donnees-optimisation-1-380x250.png 380w, https:\/\/viasservices.com\/wp-content\/uploads\/2023\/08\/pipeline-donnees-optimisation-1-18x12.png 18w\" sizes=\"(max-width: 380px) 100vw, 380px\" \/>                                        <\/a>\n                    <a href=\"https:\/\/viasservices.com\/en\/category\/ingenieurie-de-donnees\/\" class=\"category bottom-left\">Data engineering<\/a>                <\/div>\n                <div class=\"el-post-content\">\n                                        <ul class=\"post-meta\">\n                        <li><a href=\"https:\/\/viasservices.com\/en\/author\/herve\/\"><i class=\"las la-user\"><\/i>herve<\/a><\/li>\n                        <li><a href=\"https:\/\/viasservices.com\/en\/2025\/09\/20\/\"><i class=\"las la-calendar\"><\/i>September 20, 2025<\/a><\/li>\n                    <\/ul>\n                                        <h3 class=\"post-title\">\n                        <a href=\"https:\/\/viasservices.com\/en\/2025\/09\/20\/5-conseils-pour-optimiser-vos-pipelines-de-donnees\/\">5 tips for optimising your data pipelines<\/a>\n                    <\/h3>\n                                            <p>Optimise your data pipelines for greater performance, reliability and profitability with Vias Service.<\/p>\n                                                                <a href=\"https:\/\/viasservices.com\/en\/2025\/09\/20\/5-conseils-pour-optimiser-vos-pipelines-de-donnees\/\" class=\"read-more\">Read more<\/a>\n                                    <\/div>\n            <\/div>\n        <\/article>\n                <article class=\"el-blog-item post-1335 page type-page status-publish has-post-thumbnail hentry wow dl-animation dl-fadeIn\" data-wow-offset=\"200\" data-wow-duration=\"700ms\" data-wow-delay=\"500ms\">\n            <div class=\"el-post-item\">\n                <div class=\"el-post-thumb\">\n                    <a href=\"https:\/\/viasservices.com\/en\/2025\/09\/15\/le-design-web-reactif-un-pilier-essentiel-du-digital-en-afrique\/\" class=\"el-post-thumb-inner\">\n                                            <img decoding=\"async\" width=\"380\" height=\"250\" src=\"https:\/\/viasservices.com\/wp-content\/uploads\/2023\/08\/design-web-380x250.jpg\" class=\"attachment-redias-thumb-grid size-redias-thumb-grid wp-post-image\" alt=\"\" srcset=\"https:\/\/viasservices.com\/wp-content\/uploads\/2023\/08\/design-web-380x250.jpg 380w, https:\/\/viasservices.com\/wp-content\/uploads\/2023\/08\/design-web-18x12.jpg 18w\" sizes=\"(max-width: 380px) 100vw, 380px\" \/>                                        <\/a>\n                    <a href=\"https:\/\/viasservices.com\/en\/category\/design\/\" class=\"category bottom-left\">Design<\/a>                <\/div>\n                <div class=\"el-post-content\">\n                                        <ul class=\"post-meta\">\n                        <li><a href=\"https:\/\/viasservices.com\/en\/author\/richard\/\"><i class=\"las la-user\"><\/i>richard<\/a><\/li>\n                        <li><a href=\"https:\/\/viasservices.com\/en\/2025\/09\/15\/\"><i class=\"las la-calendar\"><\/i>September 15, 2025<\/a><\/li>\n                    <\/ul>\n                                        <h3 class=\"post-title\">\n                        <a href=\"https:\/\/viasservices.com\/en\/2025\/09\/15\/le-design-web-reactif-un-pilier-essentiel-du-digital-en-afrique\/\">Design\nResponsive web design: an essential pillar of digital technology in Africa<\/a>\n                    <\/h3>\n                                            <p>Responsive web design is an essential lever for the digital growth of modern African businesses.<\/p>\n                                                                <a href=\"https:\/\/viasservices.com\/en\/2025\/09\/15\/le-design-web-reactif-un-pilier-essentiel-du-digital-en-afrique\/\" class=\"read-more\">Read more<\/a>\n                                    <\/div>\n            <\/div>\n        <\/article>\n                <article class=\"el-blog-item post-1335 page type-page status-publish has-post-thumbnail hentry wow dl-animation dl-fadeIn\" data-wow-offset=\"200\" data-wow-duration=\"700ms\" data-wow-delay=\"600ms\">\n            <div class=\"el-post-item\">\n                <div class=\"el-post-thumb\">\n                    <a href=\"https:\/\/viasservices.com\/en\/2025\/09\/15\/comment-un-bon-design-peut-transformer-lidentite-de-votre-marque\/\" class=\"el-post-thumb-inner\">\n                                            <img decoding=\"async\" width=\"380\" height=\"250\" src=\"https:\/\/viasservices.com\/wp-content\/uploads\/2023\/08\/design-marque-380x250.jpg\" class=\"attachment-redias-thumb-grid size-redias-thumb-grid wp-post-image\" alt=\"\" \/>                                        <\/a>\n                    <a href=\"https:\/\/viasservices.com\/en\/category\/design\/\" class=\"category bottom-left\">Design<\/a>                <\/div>\n                <div class=\"el-post-content\">\n                                        <ul class=\"post-meta\">\n                        <li><a href=\"https:\/\/viasservices.com\/en\/author\/richard\/\"><i class=\"las la-user\"><\/i>richard<\/a><\/li>\n                        <li><a href=\"https:\/\/viasservices.com\/en\/2025\/09\/15\/\"><i class=\"las la-calendar\"><\/i>September 15, 2025<\/a><\/li>\n                    <\/ul>\n                                        <h3 class=\"post-title\">\n                        <a href=\"https:\/\/viasservices.com\/en\/2025\/09\/15\/comment-un-bon-design-peut-transformer-lidentite-de-votre-marque\/\">How good design can transform your brand identity<\/a>\n                    <\/h3>\n                                            <p>A strong and consistent design is an essential driver of growth and credibility for modern African businesses.<\/p>\n                                                                <a href=\"https:\/\/viasservices.com\/en\/2025\/09\/15\/comment-un-bon-design-peut-transformer-lidentite-de-votre-marque\/\" class=\"read-more\">Read more<\/a>\n                                    <\/div>\n            <\/div>\n        <\/article>\n                <article class=\"el-blog-item post-1335 page type-page status-publish has-post-thumbnail hentry wow dl-animation dl-fadeIn\" data-wow-offset=\"200\" data-wow-duration=\"700ms\" data-wow-delay=\"700ms\">\n            <div class=\"el-post-item\">\n                <div class=\"el-post-thumb\">\n                    <a href=\"https:\/\/viasservices.com\/en\/2025\/09\/10\/pourquoi-un-site-web-est-essentiel-a-la-croissance-des-pme-africaines\/\" class=\"el-post-thumb-inner\">\n                                            <img loading=\"lazy\" decoding=\"async\" width=\"380\" height=\"250\" src=\"https:\/\/viasservices.com\/wp-content\/uploads\/2023\/08\/developper-site-internet-1-380x250.jpg\" class=\"attachment-redias-thumb-grid size-redias-thumb-grid wp-post-image\" alt=\"\" \/>                                        <\/a>\n                    <a href=\"https:\/\/viasservices.com\/en\/category\/developpement-web\/\" class=\"category bottom-left\">Web development<\/a>                <\/div>\n                <div class=\"el-post-content\">\n                                        <ul class=\"post-meta\">\n                        <li><a href=\"https:\/\/viasservices.com\/en\/author\/cecilia\/\"><i class=\"las la-user\"><\/i>cecilia<\/a><\/li>\n                        <li><a href=\"https:\/\/viasservices.com\/en\/2025\/09\/10\/\"><i class=\"las la-calendar\"><\/i>September 10, 2025<\/a><\/li>\n                    <\/ul>\n                                        <h3 class=\"post-title\">\n                        <a href=\"https:\/\/viasservices.com\/en\/2025\/09\/10\/pourquoi-un-site-web-est-essentiel-a-la-croissance-des-pme-africaines\/\">Why a website is essential for the growth of African SMEs<\/a>\n                    <\/h3>\n                                            <p>A well-designed website enhances the visibility, credibility and sustainable growth of African SMEs.<\/p>\n                                                                <a href=\"https:\/\/viasservices.com\/en\/2025\/09\/10\/pourquoi-un-site-web-est-essentiel-a-la-croissance-des-pme-africaines\/\" class=\"read-more\">Read more<\/a>\n                                    <\/div>\n            <\/div>\n        <\/article>\n                    <\/div>\n        \t\t\t\t<\/div>\n\t\t\t\t<\/div>\n\t\t\t\t\t<\/div>\n\t\t<\/div>\n\t\t\t\t\t<\/div>\n\t\t<\/section>\n\t\t\t\t<\/div>","protected":false},"excerpt":{"rendered":"<p>Ing\u00e9nieurie de donn\u00e9es herve September 20, 2025 5 conseils pour optimiser vos pipelines de donn\u00e9es Optimisez vos pipelines de donn\u00e9es pour plus de performance, fiabilit\u00e9 et rentabilit\u00e9 avec Vias Service. Lire l&#039;article Design richard September 15, 2025 Le design web r\u00e9actif : un pilier essentiel du digital en Afrique Le design web r\u00e9actif, un levier [&hellip;]<\/p>","protected":false},"author":1,"featured_media":1677,"parent":0,"menu_order":0,"comment_status":"closed","ping_status":"closed","template":"","meta":{"_acf_changed":false,"_monsterinsights_skip_tracking":false,"_monsterinsights_sitenote_active":false,"_monsterinsights_sitenote_note":"","_monsterinsights_sitenote_category":0,"footnotes":""},"class_list":["post-1335","page","type-page","status-publish","has-post-thumbnail","hentry"],"acf":[],"_links":{"self":[{"href":"https:\/\/viasservices.com\/en\/wp-json\/wp\/v2\/pages\/1335"}],"collection":[{"href":"https:\/\/viasservices.com\/en\/wp-json\/wp\/v2\/pages"}],"about":[{"href":"https:\/\/viasservices.com\/en\/wp-json\/wp\/v2\/types\/page"}],"author":[{"embeddable":true,"href":"https:\/\/viasservices.com\/en\/wp-json\/wp\/v2\/users\/1"}],"replies":[{"embeddable":true,"href":"https:\/\/viasservices.com\/en\/wp-json\/wp\/v2\/comments?post=1335"}],"version-history":[{"count":11,"href":"https:\/\/viasservices.com\/en\/wp-json\/wp\/v2\/pages\/1335\/revisions"}],"predecessor-version":[{"id":2050,"href":"https:\/\/viasservices.com\/en\/wp-json\/wp\/v2\/pages\/1335\/revisions\/2050"}],"wp:featuredmedia":[{"embeddable":true,"href":"https:\/\/viasservices.com\/en\/wp-json\/wp\/v2\/media\/1677"}],"wp:attachment":[{"href":"https:\/\/viasservices.com\/en\/wp-json\/wp\/v2\/media?parent=1335"}],"curies":[{"name":"wp","href":"https:\/\/api.w.org\/{rel}","templated":true}]}}